{"id":3455,"date":"2023-08-30T09:24:41","date_gmt":"2023-08-30T07:24:41","guid":{"rendered":"https:\/\/marindtec.ch\/?page_id=3455"},"modified":"2023-08-30T12:41:06","modified_gmt":"2023-08-30T10:41:06","slug":"mentions-legales","status":"publish","type":"page","link":"https:\/\/marindtec.ch\/fr\/mentions-legales\/","title":{"rendered":"Mentions l\u00e9gales"},"content":{"rendered":"<div class=\"fusion-fullwidth fullwidth-box fusion-builder-row-1 nonhundred-percent-fullwidth non-hundred-percent-height-scrolling\" style=\"--awb-border-radius-top-left:0px;--awb-border-radius-top-right:0px;--awb-border-radius-bottom-right:0px;--awb-border-radius-bottom-left:0px;--awb-flex-wrap:wrap;\" ><div class=\"fusion-builder-row fusion-row\"><div class=\"fusion-layout-column fusion_builder_column fusion-builder-column-0 fusion_builder_column_1_2 1_2 fusion-one-half fusion-column-first\" style=\"--awb-bg-size:cover;width:50%;width:calc(50% - ( ( 4% ) * 0.5 ) );margin-right: 4%;\"><div class=\"fusion-column-wrapper fusion-column-has-shadow fusion-flex-column-wrapper-legacy\"><div class=\"fusion-title title fusion-title-1 fusion-title-text fusion-title-size-one\" style=\"--awb-margin-top-small:0px;--awb-margin-right-small:0px;--awb-margin-bottom-small:20px;--awb-margin-left-small:0px;\"><h1 class=\"fusion-title-heading title-heading-left fusion-responsive-typography-calculated\" style=\"margin:0;--fontSize:48;line-height:1.4;\"><h3 class=\"title-heading-left\" data-fontsize=\"24\" data-lineheight=\"36\">R\u00e9daction | Responsable du contenu<\/h3><\/h1><span class=\"awb-title-spacer\"><\/span><div class=\"title-sep-container\"><div class=\"title-sep sep-double sep-solid\" style=\"border-color:#e0dede;\"><\/div><\/div><\/div><div class=\"fusion-text fusion-text-1\"><p>MarIndTec Suisse SA<br \/>\nRoute du Port 21<br \/>\nCH-1470 Estavayer-le-Lac<\/p>\n<p class=\"key\"><strong>UID<\/strong><br \/>\nCH-217.3.545.706-5<\/p>\n<p class=\"key\"><strong>Num\u00e9ro d&rsquo;inscription au registre du commerce<br \/>\n<\/strong>CHE-116.021.304 MWST<\/p>\n<\/div><div class=\"fusion-clearfix\"><\/div><\/div><\/div><div class=\"fusion-layout-column fusion_builder_column fusion-builder-column-1 fusion_builder_column_1_2 1_2 fusion-one-half fusion-column-last\" style=\"--awb-bg-size:cover;width:50%;width:calc(50% - ( ( 4% ) * 0.5 ) );\"><div class=\"fusion-column-wrapper fusion-column-has-shadow fusion-flex-column-wrapper-legacy\"><div class=\"fusion-title title fusion-title-2 fusion-title-text fusion-title-size-one\" style=\"--awb-margin-top-small:0px;--awb-margin-right-small:0px;--awb-margin-bottom-small:20px;--awb-margin-left-small:0px;\"><h1 class=\"fusion-title-heading title-heading-left fusion-responsive-typography-calculated\" style=\"margin:0;--fontSize:48;line-height:1.4;\"><h3 class=\"title-heading-left\" data-fontsize=\"24\" data-lineheight=\"36\">Realisation<\/h3><\/h1><span class=\"awb-title-spacer\"><\/span><div class=\"title-sep-container\"><div class=\"title-sep sep-double sep-solid\" style=\"border-color:#e0dede;\"><\/div><\/div><\/div><div class=\"fusion-text fusion-text-2\"><p>schneeberger.be gmbh<br \/>\nL\u00e4nggasse 2<br \/>\n2504 Biel<\/p>\n<p><a href=\"https:\/\/www.schneeberger.be\" target=\"_blank\" rel=\"noopener noreferrer\">www.schneeberger.be<\/a><\/p>\n<\/div><div class=\"fusion-clearfix\"><\/div><\/div><\/div><\/div><\/div><div class=\"fusion-fullwidth fullwidth-box fusion-builder-row-2 nonhundred-percent-fullwidth non-hundred-percent-height-scrolling\" style=\"--awb-border-radius-top-left:0px;--awb-border-radius-top-right:0px;--awb-border-radius-bottom-right:0px;--awb-border-radius-bottom-left:0px;--awb-flex-wrap:wrap;\" ><div class=\"fusion-builder-row fusion-row\"><div class=\"fusion-layout-column fusion_builder_column fusion-builder-column-2 fusion_builder_column_1_1 1_1 fusion-one-full fusion-column-first fusion-column-last\" style=\"--awb-bg-size:cover;\"><div class=\"fusion-column-wrapper fusion-column-has-shadow fusion-flex-column-wrapper-legacy\"><div class=\"fusion-title title fusion-title-3 fusion-sep-none fusion-title-text fusion-title-size-three\" style=\"--awb-margin-top-small:0px;--awb-margin-right-small:0px;--awb-margin-bottom-small:20px;--awb-margin-left-small:0px;--awb-font-size:24px;\"><h3 class=\"fusion-title-heading title-heading-left fusion-responsive-typography-calculated\" style=\"margin:0;font-size:1em;--fontSize:24;line-height:1.5;\">Copyright<\/h3><\/div><div class=\"fusion-text fusion-text-3\"><p>\u00a9 MarIndTec Suisse SA (ci-apr\u00e8s d\u00e9nomm\u00e9 le \u00abtitulaire\u00bb):<br \/>\nTous les droits de reproduction sont r\u00e9serv\u00e9s. Tous les \u00e9l\u00e9ments de nos pages web, la conception du site, tous les textes, graphiques, documents r\u00e9cup\u00e9rables, etc. sont la propri\u00e9t\u00e9 intellectuelle des propri\u00e9taires et sont prot\u00e9g\u00e9s par tous les droits. La reproduction de tout ou partie de ce site sur un support \u00e9lectronique ou papier quel qu&rsquo;il soit est interdite, sauf autorisation expresse du propri\u00e9taire.<\/p>\n<\/div><div class=\"fusion-clearfix\"><\/div><\/div><\/div><\/div><\/div><div class=\"fusion-fullwidth fullwidth-box fusion-builder-row-3 nonhundred-percent-fullwidth non-hundred-percent-height-scrolling\" style=\"--awb-border-radius-top-left:0px;--awb-border-radius-top-right:0px;--awb-border-radius-bottom-right:0px;--awb-border-radius-bottom-left:0px;--awb-flex-wrap:wrap;\" ><div class=\"fusion-builder-row fusion-row\"><div class=\"fusion-layout-column fusion_builder_column fusion-builder-column-3 fusion_builder_column_1_1 1_1 fusion-one-full fusion-column-first fusion-column-last\" style=\"--awb-bg-size:cover;\"><div class=\"fusion-column-wrapper fusion-column-has-shadow fusion-flex-column-wrapper-legacy\"><div class=\"fusion-title title fusion-title-4 fusion-sep-none fusion-title-text fusion-title-size-three\" style=\"--awb-margin-top-small:0px;--awb-margin-right-small:0px;--awb-margin-bottom-small:20px;--awb-margin-left-small:0px;--awb-font-size:24px;\"><h3 class=\"fusion-title-heading title-heading-left fusion-responsive-typography-calculated\" style=\"margin:0;font-size:1em;--fontSize:24;line-height:1.5;\">Contenu de l&rsquo;offre en ligne<\/h3><\/div><div class=\"fusion-text fusion-text-4\"><p>Le propri\u00e9taire n&rsquo;assume aucune responsabilit\u00e9 quant \u00e0 l&rsquo;actualit\u00e9, l&rsquo;exactitude, l&rsquo;exhaustivit\u00e9 ou la qualit\u00e9 des informations mises \u00e0 disposition. Les pr\u00e9tentions en responsabilit\u00e9 \u00e0 l\u2019encontre de l&rsquo;auteur, qui se r\u00e9f\u00e8rent \u00e0 des dommages mat\u00e9riels ou immat\u00e9riels de toute sorte, qui ont \u00e9t\u00e9 caus\u00e9s par l&rsquo;utilisation ou la non-utilisation des informations fournies ou par l&rsquo;utilisation d&rsquo;informations incorrectes et incompl\u00e8tes, sont en principe exclues, dans la mesure o\u00f9 il n&rsquo;y a pas de faute intentionnelle ou de n\u00e9gligence grave d\u00e9montrable de la part de l&rsquo;auteur.<br \/>\nToutes les offres sont sans engagement et non contraignantes. L&rsquo;auteur se r\u00e9serve express\u00e9ment le droit de modifier, de compl\u00e9ter ou de supprimer des parties de pages ou l&rsquo;ensemble de l&rsquo;offre sans avis pr\u00e9alable, ou d&rsquo;en suspendre temporairement ou d\u00e9finitivement la publication.<\/p>\n<\/div><div class=\"fusion-clearfix\"><\/div><\/div><\/div><\/div><\/div><div class=\"fusion-fullwidth fullwidth-box fusion-builder-row-4 nonhundred-percent-fullwidth non-hundred-percent-height-scrolling\" style=\"--awb-border-radius-top-left:0px;--awb-border-radius-top-right:0px;--awb-border-radius-bottom-right:0px;--awb-border-radius-bottom-left:0px;--awb-flex-wrap:wrap;\" ><div class=\"fusion-builder-row fusion-row\"><div class=\"fusion-layout-column fusion_builder_column fusion-builder-column-4 fusion_builder_column_1_1 1_1 fusion-one-full fusion-column-first fusion-column-last\" style=\"--awb-bg-size:cover;\"><div class=\"fusion-column-wrapper fusion-column-has-shadow fusion-flex-column-wrapper-legacy\"><div class=\"fusion-title title fusion-title-5 fusion-sep-none fusion-title-text fusion-title-size-three\" style=\"--awb-margin-top-small:0px;--awb-margin-right-small:0px;--awb-margin-bottom-small:20px;--awb-margin-left-small:0px;--awb-font-size:24px;\"><h3 class=\"fusion-title-heading title-heading-left fusion-responsive-typography-calculated\" style=\"margin:0;font-size:1em;--fontSize:24;line-height:1.5;\">R\u00e9f\u00e9rences et liens<\/h3><\/div><div class=\"fusion-text fusion-text-5\"><p>En cas de renvois directs ou indirects \u00e0 des sites Internet externes (\u00abliens\u00bb) qui ne rel\u00e8vent pas de la responsabilit\u00e9 de l&rsquo;auteur, une obligation de responsabilit\u00e9 entrerait exclusivement en vigueur dans le cas o\u00f9 l&rsquo;auteur aurait connaissance des contenus et qu&rsquo;il lui serait techniquement possible et raisonnable d&#8217;emp\u00eacher l&rsquo;utilisation en cas de contenus ill\u00e9gaux. L&rsquo;auteur d\u00e9clare donc express\u00e9ment qu&rsquo;au moment de la mise en place du lien, les pages correspondantes \u00e9taient exemptes de tout contenu ill\u00e9gal.<br \/>\nL&rsquo;auteur n&rsquo;a aucune influence sur la conception et le contenu actuels et futurs des pages mises en lien. C&rsquo;est pourquoi il se distancie express\u00e9ment par la pr\u00e9sente de tous les contenus de toutes les pages li\u00e9es qui ont \u00e9t\u00e9 modifi\u00e9es apr\u00e8s la mise en lien.<br \/>\nCette d\u00e9claration s&rsquo;applique \u00e0 tous les liens et renvois plac\u00e9s dans l&rsquo;offre Internet de l&rsquo;auteur ainsi qu&rsquo;aux entr\u00e9es externes dans les livres d&rsquo;or, forums de discussion et listes de diffusion mis en place par l&rsquo;auteur. Seul le fournisseur de la page \u00e0 laquelle il a \u00e9t\u00e9 renvoy\u00e9 est responsable des contenus ill\u00e9gaux, erron\u00e9s ou incomplets et en particulier des dommages r\u00e9sultant de l&rsquo;utilisation ou de la non-utilisation des informations ainsi pr\u00e9sent\u00e9es, et non celui qui ne fait que renvoyer \u00e0 la publication concern\u00e9e par le biais de liens.<\/p>\n<p>Si des pages ill\u00e9gales devaient \u00eatre accessibles via les hyperliens, nous vous prions de nous en informer \u00e0 l&rsquo;adresse <a href=\"mailto:info@marindtec.ch\">info@marindtec.ch<\/a> . Nous v\u00e9rifierons alors et supprimerons les liens le cas \u00e9ch\u00e9ant.<\/p>\n<\/div><div class=\"fusion-clearfix\"><\/div><\/div><\/div><\/div><\/div><div class=\"fusion-fullwidth fullwidth-box fusion-builder-row-5 nonhundred-percent-fullwidth non-hundred-percent-height-scrolling\" style=\"--awb-border-radius-top-left:0px;--awb-border-radius-top-right:0px;--awb-border-radius-bottom-right:0px;--awb-border-radius-bottom-left:0px;--awb-flex-wrap:wrap;\" ><div class=\"fusion-builder-row fusion-row\"><div class=\"fusion-layout-column fusion_builder_column fusion-builder-column-5 fusion_builder_column_1_1 1_1 fusion-one-full fusion-column-first fusion-column-last\" style=\"--awb-bg-size:cover;\"><div class=\"fusion-column-wrapper fusion-column-has-shadow fusion-flex-column-wrapper-legacy\"><div class=\"fusion-title title fusion-title-6 fusion-sep-none fusion-title-text fusion-title-size-three\" style=\"--awb-margin-top-small:0px;--awb-margin-right-small:0px;--awb-margin-bottom-small:20px;--awb-margin-left-small:0px;--awb-font-size:24px;\"><h3 class=\"fusion-title-heading title-heading-left fusion-responsive-typography-calculated\" style=\"margin:0;font-size:1em;--fontSize:24;line-height:1.5;\">Droits d&rsquo;auteur, marques et signes distinctifs<\/h3><\/div><div class=\"fusion-text fusion-text-6\"><p>L&rsquo;auteur s&rsquo;efforce de respecter les droits d&rsquo;auteur des graphiques, documents sonores, s\u00e9quences vid\u00e9o et textes utilis\u00e9s dans toutes ses publications, ou d&rsquo;utiliser uniquement les objets qu&rsquo;il a cr\u00e9\u00e9s lui-m\u00eame, qui sont libres de droits ou pour lesquels il d\u00e9tient des licences. Tous les noms de marques et marques commerciales mentionn\u00e9s dans l&rsquo;offre Internet et \u00e9ventuellement prot\u00e9g\u00e9s par des tiers sont soumis sans restriction aux dispositions du droit des marques en vigueur et aux droits de propri\u00e9t\u00e9 des propri\u00e9taires enregistr\u00e9s respectifs. La simple mention d&rsquo;une marque ne signifie pas qu&rsquo;elle n&rsquo;est pas prot\u00e9g\u00e9e par les droits des tiers!<\/p>\n<p>La mention de noms de soci\u00e9t\u00e9s, de produits, de marques ou de marques commerciales est faite en reconnaissance de tous les droits de leurs propri\u00e9taires respectifs. La mention ne sert qu&rsquo;\u00e0 indiquer la finalit\u00e9 de nos produits et services.<\/p>\n<\/div><div class=\"fusion-clearfix\"><\/div><\/div><\/div><\/div><\/div><div class=\"fusion-fullwidth fullwidth-box fusion-builder-row-6 nonhundred-percent-fullwidth non-hundred-percent-height-scrolling\" style=\"--awb-border-radius-top-left:0px;--awb-border-radius-top-right:0px;--awb-border-radius-bottom-right:0px;--awb-border-radius-bottom-left:0px;--awb-flex-wrap:wrap;\" ><div class=\"fusion-builder-row fusion-row\"><div class=\"fusion-layout-column fusion_builder_column fusion-builder-column-6 fusion_builder_column_1_1 1_1 fusion-one-full fusion-column-first fusion-column-last\" style=\"--awb-bg-size:cover;\"><div class=\"fusion-column-wrapper fusion-column-has-shadow fusion-flex-column-wrapper-legacy\"><div class=\"fusion-title title fusion-title-7 fusion-sep-none fusion-title-text fusion-title-size-three\" style=\"--awb-margin-top-small:0px;--awb-margin-right-small:0px;--awb-margin-bottom-small:20px;--awb-margin-left-small:0px;--awb-font-size:24px;\"><h3 class=\"fusion-title-heading title-heading-left fusion-responsive-typography-calculated\" style=\"margin:0;font-size:1em;--fontSize:24;line-height:1.5;\">Aucun avertissement sans contact pr\u00e9alable<\/h3><\/div><div class=\"fusion-text fusion-text-7\"><p>Si le contenu ou la pr\u00e9sentation de ce site Web viole les droits de tiers ou des dispositions l\u00e9gales, nous demandons une notification sans \u00e9mettre de note de frais. Les passages qui sont contest\u00e9s \u00e0 juste titre seront imm\u00e9diatement supprim\u00e9s, de sorte \u00e0 \u00e9viter l&rsquo;intervention d&rsquo;un conseiller juridique. N\u00e9anmoins, nous rejetterons tous les frais que vous engagerez sans nous contacter au pr\u00e9alable et d\u00e9poserons \u00e9ventuellement une demande reconventionnelle pour violation des dispositions susmentionn\u00e9es.<\/p>\n<\/div><div class=\"fusion-clearfix\"><\/div><\/div><\/div><\/div><\/div>\n","protected":false},"excerpt":{"rendered":"R\u00e9daction | Responsable du contenuMarIndTec Suisse SA Route du Port 21 CH-1470 Estavayer-le-Lac UID CH-217.3.545.706-5 Num\u00e9ro d'inscription au registre du commerce CHE-116.021.304 MWST Realisationschneeberger.be gmbh L\u00e4nggasse 2 2504 Biel www.schneeberger.be Copyright\u00a9 MarIndTec Suisse SA (ci-apr\u00e8s d\u00e9nomm\u00e9 le \u00abtitulaire\u00bb): Tous les  [...]","protected":false},"author":1,"featured_media":0,"parent":0,"menu_order":0,"comment_status":"closed","ping_status":"closed","template":"","meta":{"footnotes":""},"class_list":["post-3455","page","type-page","status-publish","hentry"],"publishpress_future_action":{"enabled":false,"date":"2026-05-21 02:18:09","action":"change-status","newStatus":"draft","terms":[],"taxonomy":"translation_priority","extraData":[]},"publishpress_future_workflow_manual_trigger":{"enabledWorkflows":[]},"_links":{"self":[{"href":"https:\/\/marindtec.ch\/fr\/wp-json\/wp\/v2\/pages\/3455","targetHints":{"allow":["GET"]}}],"collection":[{"href":"https:\/\/marindtec.ch\/fr\/wp-json\/wp\/v2\/pages"}],"about":[{"href":"https:\/\/marindtec.ch\/fr\/wp-json\/wp\/v2\/types\/page"}],"author":[{"embeddable":true,"href":"https:\/\/marindtec.ch\/fr\/wp-json\/wp\/v2\/users\/1"}],"replies":[{"embeddable":true,"href":"https:\/\/marindtec.ch\/fr\/wp-json\/wp\/v2\/comments?post=3455"}],"version-history":[{"count":2,"href":"https:\/\/marindtec.ch\/fr\/wp-json\/wp\/v2\/pages\/3455\/revisions"}],"predecessor-version":[{"id":3464,"href":"https:\/\/marindtec.ch\/fr\/wp-json\/wp\/v2\/pages\/3455\/revisions\/3464"}],"wp:attachment":[{"href":"https:\/\/marindtec.ch\/fr\/wp-json\/wp\/v2\/media?parent=3455"}],"curies":[{"name":"wp","href":"https:\/\/api.w.org\/{rel}","templated":true}]}}