{"id":1854,"date":"2017-05-29T13:53:01","date_gmt":"2017-05-29T11:53:01","guid":{"rendered":"https:\/\/marindtec.ch\/?page_id=1854"},"modified":"2025-09-09T07:41:20","modified_gmt":"2025-09-09T05:41:20","slug":"moteurs-industriels","status":"publish","type":"page","link":"https:\/\/marindtec.ch\/fr\/produits\/moteurs-industriels\/","title":{"rendered":"Moteurs industriels"},"content":{"rendered":"<div class=\"wpb-content-wrapper\"><p>[vc_row][vc_column width=\u00a0\u00bb1\/2&Prime; css=\u00a0\u00bb.vc_custom_1494241501081{margin-top: 0px !important;margin-right: 0px !important;padding-top: 0px !important;padding-right: 6px !important;}\u00a0\u00bb offset=\u00a0\u00bbvc_hidden-xs\u00a0\u00bb][vc_single_image image=\u00a0\u00bb4234&Prime; img_size=\u00a0\u00bbfull\u00a0\u00bb css=\u00a0\u00bb\u00a0\u00bb][\/vc_column][vc_column width=\u00a0\u00bb1\/2&Prime;][vc_column_text css=\u00a0\u00bb.vc_custom_1757342691135{margin-bottom: -40px !important;}\u00a0\u00bb]<\/p>\n<h3>VOLVO PENTA<\/h3>\n<p>[\/vc_column_text][vc_column_text css=\u00a0\u00bb.vc_custom_1757342614138{margin-bottom: 0px !important;}\u00a0\u00bb]<\/p>\n<h1>PRODUCTION D&rsquo;\u00c9NERGIE<\/h1>\n<p>[\/vc_column_text][vc_column_text css=\u00a0\u00bb.vc_custom_1757342674371{padding-top: 0px !important;padding-right: 0px !important;padding-bottom: 0px !important;padding-left: 0px !important;}\u00a0\u00bb]Les moteurs pour groupes \u00e9lectrog\u00e8nes Volvo Penta sont con\u00e7us pour r\u00e9pondre \u00e0 toutes les exigences, pour une alimentation principale, ou de secours. Au moment o\u00f9 vous en aurez le plus besoin, vous pourrez compter sur notre expertise.[\/vc_column_text][\/vc_column][\/vc_row][vc_row][vc_column css=\u00a0\u00bb.vc_custom_1494241609445{margin-top: 0px !important;margin-right: 0px !important;padding-top: 0px !important;padding-right: 6px !important;}\u00a0\u00bb offset=\u00a0\u00bbvc_hidden-lg vc_hidden-md vc_hidden-sm\u00a0\u00bb][vc_column_text]<\/p>\n<h2 style=\"text-align: center;\">VOLVO PENTA utilisations Off-Road<\/h2>\n<h3 style=\"text-align: center;\"><strong>Les moteurs industriels Volvo Penta allient puissance et polyvalence \u00e0 la perfection. Nous proposons des solutions adaptables, \u00e9volutives et fiables avec une efficacit\u00e9 de classe mondiale qui optimise votre rentabilit\u00e9.<\/strong><\/h3>\n<p>[\/vc_column_text][\/vc_column][\/vc_row][vc_row][vc_column css=\u00a0\u00bb.vc_custom_1490178868590{margin-top: 0px !important;margin-right: 0px !important;padding-top: 0px !important;padding-right: 6px !important;}\u00a0\u00bb][vc_custom_heading text=\u00a0\u00bbPRODUCTION D&rsquo;ENERGIE\u00a0\u00bb font_container=\u00a0\u00bbtag:h2|text_align:center\u00a0\u00bb use_theme_fonts=\u00a0\u00bbyes\u00a0\u00bb][\/vc_column][\/vc_row][vc_row][vc_column width=\u00a0\u00bb1\/2&Prime;][vc_single_image image=\u00a0\u00bb1773&Prime; img_size=\u00a0\u00bbfull\u00a0\u00bb css=\u00a0\u00bb.vc_custom_1494248633871{margin-bottom: 14px !important;}\u00a0\u00bb][vc_custom_heading text=\u00a0\u00bbALIMENTATION DE SECOURS\u00a0\u00bb font_container=\u00a0\u00bbtag:h2|font_size:34|text_align:left\u00a0\u00bb use_theme_fonts=\u00a0\u00bbyes\u00a0\u00bb css=\u00a0\u00bb.vc_custom_1505464544304{margin-bottom: 6px !important;}\u00a0\u00bb][vc_column_text]<\/p>\n<p style=\"font-size: 16px; text-align: left;\">Avec les moteurs Volvo Penta pour alimentation de secours, vous b\u00e9n\u00e9ficiez de performances fiables au d\u00e9marrage et d&rsquo;une puissante alimentation de secours et toutes circonstances.<\/p>\n<p>[\/vc_column_text][vc_column_text]<\/p>\n<p style=\"font-size: 16px; text-align: left;\">lien vers la gamme de produits<a href=\"http:\/\/www.volvopenta.com\/industrialpowergeneration\/en-en\/products\/engines\/ranges\/stand-by.html\" target=\"_blank\" rel=\"noopener noreferrer\"> (volvopenta.com) \u203a<\/a><\/p>\n<p>[\/vc_column_text][\/vc_column][vc_column width=\u00a0\u00bb1\/2&Prime;][vc_single_image image=\u00a0\u00bb1774&Prime; img_size=\u00a0\u00bbfull\u00a0\u00bb alignment=\u00a0\u00bbcenter\u00a0\u00bb css=\u00a0\u00bb.vc_custom_1494248662450{margin-bottom: 14px !important;}\u00a0\u00bb][vc_custom_heading text=\u00a0\u00bbALIMENTATION PRINCIPALE\u00a0\u00bb font_container=\u00a0\u00bbtag:h2|font_size:32|text_align:left\u00a0\u00bb use_theme_fonts=\u00a0\u00bbyes\u00a0\u00bb css=\u00a0\u00bb.vc_custom_1505463103785{margin-bottom: 6px !important;}\u00a0\u00bb][vc_column_text]<\/p>\n<p style=\"font-size: 16px; text-align: left;\">Les moteurs Volvo Penta Prime Power d\u00e9livrent une puissance constante et fiable pour votre activit\u00e9. D&rsquo;une durabilit\u00e9 et d&rsquo;une fiabilit\u00e9 exemplaires, ils assurent la continuit\u00e9 de vos op\u00e9rations \u00e0 pleine capacit\u00e9 et en toute s\u00e9r\u00e9nit\u00e9.<\/p>\n<p>[\/vc_column_text][vc_column_text]<\/p>\n<p style=\"font-size: 16px; text-align: left;\">lien vers la gamme de produits<a href=\"http:\/\/www.volvopenta.com\/industrialpowergeneration\/en-en\/products\/engines\/ranges\/prime-power-pg.html\" target=\"_blank\" rel=\"noopener noreferrer\"> (volvopenta.com) \u203a<\/a><\/p>\n<p>[\/vc_column_text][\/vc_column][\/vc_row][vc_row][vc_column][vc_separator][\/vc_column][\/vc_row][vc_row][vc_column width=\u00a0\u00bb1\/6&Prime; css=\u00a0\u00bb.vc_custom_1490178868590{margin-top: 0px !important;margin-right: 0px !important;padding-top: 0px !important;padding-right: 6px !important;}\u00a0\u00bb][\/vc_column][vc_column width=\u00a0\u00bb2\/3&Prime;][vc_video link=\u00a0\u00bbhttps:\/\/youtu.be\/qVq0CpR_aew\u00a0\u00bb align=\u00a0\u00bbcenter\u00a0\u00bb][\/vc_column][vc_column width=\u00a0\u00bb1\/6&Prime;][\/vc_column][\/vc_row]<\/p>\n<\/div>","protected":false},"excerpt":{"rendered":"<p>[vc_row][vc_column width=\u00a0\u00bb1\/2&Prime; css=\u00a0\u00bb.vc_custom_1494241501081{margin-top: 0px !important;margin-right: 0px !important;padding-top: 0px !important;padding-right: 6px !important;}\u00a0\u00bb offset=\u00a0\u00bbvc_hidden-xs\u00a0\u00bb][vc_single_image image=\u00a0\u00bb4234&Prime; img_size=\u00a0\u00bbfull\u00a0\u00bb css=\u00a0\u00bb\u00a0\u00bb][\/vc_column][vc_column width=\u00a0\u00bb1\/2&Prime;][vc_column_text css=\u00a0\u00bb.vc_custom_1757342691135{margin-bottom: -40px !important;}\u00a0\u00bb] VOLVO PENTA [\/vc_column_text][vc_column_text css=\u00a0\u00bb.vc_custom_1757342614138{margin-bottom: 0px !important;}\u00a0\u00bb] PRODUCTION D&rsquo;\u00c9NERGIE [\/vc_column_text][vc_column_text css=\u00a0\u00bb.vc_custom_1757342674371{padding-top: 0px !important;padding-right: 0px !important;padding-bottom: 0px !important;padding-left: 0px !important;}\u00a0\u00bb]Les moteurs pour groupes  [&#8230;]<\/p>\n","protected":false},"author":1,"featured_media":0,"parent":1850,"menu_order":0,"comment_status":"closed","ping_status":"closed","template":"","meta":{"footnotes":""},"class_list":["post-1854","page","type-page","status-publish","hentry"],"publishpress_future_action":{"enabled":false,"date":"2026-05-06 11:43:06","action":"change-status","newStatus":"draft","terms":[],"taxonomy":"translation_priority","extraData":[]},"publishpress_future_workflow_manual_trigger":{"enabledWorkflows":[]},"_links":{"self":[{"href":"https:\/\/marindtec.ch\/fr\/wp-json\/wp\/v2\/pages\/1854","targetHints":{"allow":["GET"]}}],"collection":[{"href":"https:\/\/marindtec.ch\/fr\/wp-json\/wp\/v2\/pages"}],"about":[{"href":"https:\/\/marindtec.ch\/fr\/wp-json\/wp\/v2\/types\/page"}],"author":[{"embeddable":true,"href":"https:\/\/marindtec.ch\/fr\/wp-json\/wp\/v2\/users\/1"}],"replies":[{"embeddable":true,"href":"https:\/\/marindtec.ch\/fr\/wp-json\/wp\/v2\/comments?post=1854"}],"version-history":[{"count":4,"href":"https:\/\/marindtec.ch\/fr\/wp-json\/wp\/v2\/pages\/1854\/revisions"}],"predecessor-version":[{"id":4275,"href":"https:\/\/marindtec.ch\/fr\/wp-json\/wp\/v2\/pages\/1854\/revisions\/4275"}],"up":[{"embeddable":true,"href":"https:\/\/marindtec.ch\/fr\/wp-json\/wp\/v2\/pages\/1850"}],"wp:attachment":[{"href":"https:\/\/marindtec.ch\/fr\/wp-json\/wp\/v2\/media?parent=1854"}],"curies":[{"name":"wp","href":"https:\/\/api.w.org\/{rel}","templated":true}]}}